{"id":33317,"date":"2024-06-17T07:29:37","date_gmt":"2024-06-17T12:29:37","guid":{"rendered":"https:\/\/www.libertyprowrestling.com\/shop\/product\/01948-angel-metro-vs-shalonce-royal\/"},"modified":"2025-06-16T00:00:05","modified_gmt":"2025-06-16T05:00:05","slug":"01948-angel-metro-vs-shalonce-royal","status":"publish","type":"product","link":"https:\/\/www.libertyprowrestling.com\/shop\/product\/01948-angel-metro-vs-shalonce-royal\/","title":{"rendered":"01948: Angel Metro vs. Shalonc\u00e9 Royal"},"content":{"rendered":"<p>In a unique 10-minute contest, Angel Metro takes on Shalonc\u00e9 Royal, a talented singer known for serenading the crowd before, during, and after her matches. However, the special stipulation for this bout is that Shalonc\u00e9 can only sing if she wins. With a referee present, the stakes are high as Shalonc\u00e9&#8217;s voice is on the line. Watch as Angel Metro tries to silence Shalonc\u00e9&#8217;s melodies, while Shalonc\u00e9 fights not just for victory but for her right to sing. This match promises to be as entertaining as it is competitive. (Attacking opponents before they can enter the ring. Choking on ropes. Slamming face into steel post. Slamming face into turnbuckles. Big boot to midsection. Slamming face into an apron. Butt smother in the corner. Blatant choke. Headbutt. Brawling back and forth. Double armbar. Knee lifts to midsection. Extended leg choke in corner. Wrapping arms around ropes. Finisher: Bodyscissors with sleeperhold. submission.) <strong>The use of terms for holds and moves may vary.<\/strong> <video controls=\"controls\" width=\"720px\" height=\"340px\"><source src=\"https:\/\/www.dropbox.com\/scl\/fi\/sq7m9p5znpgd1aauzcun2\/01948.mp4?rlkey=p2ix1tj27u5v2nk0e0q9qizix&#038;st=ky6a18o0&#038;raw=1\" \/><\/video><\/p>\n","protected":false},"excerpt":{"rendered":"<p>MP4 | 92MB | 10:41 | 720&#215;480<\/p>\n","protected":false},"featured_media":33236,"comment_status":"open","ping_status":"closed","template":"","meta":[],"product_brand":[],"product_cat":[27,28],"product_tag":[305,204],"class_list":{"0":"post-33317","1":"product","2":"type-product","3":"status-publish","4":"has-post-thumbnail","6":"product_cat-matches","7":"product_cat-singles","8":"product_tag-angel-metro","9":"product_tag-shalonce-royal","11":"first","12":"instock","13":"downloadable","14":"virtual","15":"purchasable","16":"product-type-simple"},"_links":{"self":[{"href":"https:\/\/www.libertyprowrestling.com\/shop\/wp-json\/wp\/v2\/product\/33317","targetHints":{"allow":["GET"]}}],"collection":[{"href":"https:\/\/www.libertyprowrestling.com\/shop\/wp-json\/wp\/v2\/product"}],"about":[{"href":"https:\/\/www.libertyprowrestling.com\/shop\/wp-json\/wp\/v2\/types\/product"}],"replies":[{"embeddable":true,"href":"https:\/\/www.libertyprowrestling.com\/shop\/wp-json\/wp\/v2\/comments?post=33317"}],"wp:featuredmedia":[{"embeddable":true,"href":"https:\/\/www.libertyprowrestling.com\/shop\/wp-json\/wp\/v2\/media\/33236"}],"wp:attachment":[{"href":"https:\/\/www.libertyprowrestling.com\/shop\/wp-json\/wp\/v2\/media?parent=33317"}],"wp:term":[{"taxonomy":"product_brand","embeddable":true,"href":"https:\/\/www.libertyprowrestling.com\/shop\/wp-json\/wp\/v2\/product_brand?post=33317"},{"taxonomy":"product_cat","embeddable":true,"href":"https:\/\/www.libertyprowrestling.com\/shop\/wp-json\/wp\/v2\/product_cat?post=33317"},{"taxonomy":"product_tag","embeddable":true,"href":"https:\/\/www.libertyprowrestling.com\/shop\/wp-json\/wp\/v2\/product_tag?post=33317"}],"curies":[{"name":"wp","href":"https:\/\/api.w.org\/{rel}","templated":true}]}}