{"id":28082,"date":"2023-10-09T09:56:39","date_gmt":"2023-10-09T14:56:39","guid":{"rendered":"https:\/\/www.libertyprowrestling.com\/shop\/product\/01696-brian-rodgers-vs-sofia-castillo\/"},"modified":"2024-10-07T00:00:05","modified_gmt":"2024-10-07T05:00:05","slug":"01696-brian-rodgers-vs-sofia-castillo","status":"publish","type":"product","link":"https:\/\/www.libertyprowrestling.com\/shop\/product\/01696-brian-rodgers-vs-sofia-castillo\/","title":{"rendered":"01696: Brian Rodgers vs. Sof\u00eda Castillo"},"content":{"rendered":"<p>In a 10-minute match, Sof\u00eda Castillo shows her mean side when she takes on the Rough N Rugged Brian Rodgers. As Sof\u00eda continues to evolve, she proves she&#8217;s no longer just a &#8220;Little Miss Nice Girl.&#8221; (Trash Talking. Knee lift to midsection. Hip Toss takedown. Big forearm shots. Irish Whip. Suplex. Grinding boot into lower back. Standing on hand. Dragging face across ropes. Clothesline. Leg Drop. Grinding boot into back of head. Boston crab. Camel clutch. Extended leg choke in corner Big body splash in corner. Finisher: Elbow drop. pin.) <strong>The use of terms for holds and moves may vary.<\/strong> <video controls=\"controls\" width=\"720px\" height=\"340px\"><source src=\"https:\/\/www.dropbox.com\/sh\/5uznahdsgb8fqzx\/AADLODGCBJHdbUZW1_k9eYG9a\/01696.mp4?raw=1\" \/><\/video><\/p>\n","protected":false},"excerpt":{"rendered":"<p>MP4 | 78MB | 10:21 | 720&#215;480<\/p>\n","protected":false},"featured_media":27852,"comment_status":"open","ping_status":"closed","template":"","meta":[],"product_brand":[],"product_cat":[27,28],"product_tag":[228,138],"class_list":{"0":"post-28082","1":"product","2":"type-product","3":"status-publish","4":"has-post-thumbnail","6":"product_cat-matches","7":"product_cat-singles","8":"product_tag-brian-rodgers","9":"product_tag-sofia-castillo","11":"first","12":"instock","13":"downloadable","14":"virtual","15":"sold-individually","16":"purchasable","17":"product-type-simple"},"_links":{"self":[{"href":"https:\/\/www.libertyprowrestling.com\/shop\/wp-json\/wp\/v2\/product\/28082","targetHints":{"allow":["GET"]}}],"collection":[{"href":"https:\/\/www.libertyprowrestling.com\/shop\/wp-json\/wp\/v2\/product"}],"about":[{"href":"https:\/\/www.libertyprowrestling.com\/shop\/wp-json\/wp\/v2\/types\/product"}],"replies":[{"embeddable":true,"href":"https:\/\/www.libertyprowrestling.com\/shop\/wp-json\/wp\/v2\/comments?post=28082"}],"wp:featuredmedia":[{"embeddable":true,"href":"https:\/\/www.libertyprowrestling.com\/shop\/wp-json\/wp\/v2\/media\/27852"}],"wp:attachment":[{"href":"https:\/\/www.libertyprowrestling.com\/shop\/wp-json\/wp\/v2\/media?parent=28082"}],"wp:term":[{"taxonomy":"product_brand","embeddable":true,"href":"https:\/\/www.libertyprowrestling.com\/shop\/wp-json\/wp\/v2\/product_brand?post=28082"},{"taxonomy":"product_cat","embeddable":true,"href":"https:\/\/www.libertyprowrestling.com\/shop\/wp-json\/wp\/v2\/product_cat?post=28082"},{"taxonomy":"product_tag","embeddable":true,"href":"https:\/\/www.libertyprowrestling.com\/shop\/wp-json\/wp\/v2\/product_tag?post=28082"}],"curies":[{"name":"wp","href":"https:\/\/api.w.org\/{rel}","templated":true}]}}