{"id":12687,"date":"2021-07-13T19:58:42","date_gmt":"2021-07-14T00:58:42","guid":{"rendered":"https:\/\/www.libertyprowrestling.com\/shop\/product\/00865-little-bit-vs-shalonce\/"},"modified":"2024-09-26T09:06:26","modified_gmt":"2024-09-26T14:06:26","slug":"00865-little-bit-vs-shalonce","status":"publish","type":"product","link":"https:\/\/www.libertyprowrestling.com\/shop\/product\/00865-little-bit-vs-shalonce\/","title":{"rendered":"00865: Little Bit vs. Shalonc\u00e9 Royal"},"content":{"rendered":"<p>Little Bit faces Shalonc\u00e9 Royal in a unique ten-minute match that showcases Shalonc\u00e9&#8217;s surprising singing talents. Expect a great combination of action and entertainment as these two talented wrestlers square off. (Introductions. Lockup. Side Headlock takedown. headscissors. sleeper hold. Multiple stomps to leg. Knee strike to face. Wrenching arm one back. Double arm lock. Choking one the middle rope. Big body splash and corner. Running Bulldog. Wrapping leg around bottom rope. Camel clutch. Finisher: Applying a Leg Lock thru the bottom rope and refusing to release. Disqualification.) <strong>The use of terms for holds and moves may vary.<\/strong> <video controls=\"controls\" width=\"720px\" height=\"340px\"><source src=\"https:\/\/www.dropbox.com\/sh\/5uznahdsgb8fqzx\/AACYhjfeGNutg2L0rnjJqDTta\/00865.mp4?raw=1\" \/><\/video><\/p>\n","protected":false},"excerpt":{"rendered":"<p>MP4 | 102MB | 09:52 | 720&#215;480<\/p>\n","protected":false},"featured_media":12515,"comment_status":"open","ping_status":"closed","template":"","meta":[],"product_brand":[],"product_cat":[27,28],"product_tag":[197,204],"class_list":{"0":"post-12687","1":"product","2":"type-product","3":"status-publish","4":"has-post-thumbnail","6":"product_cat-matches","7":"product_cat-singles","8":"product_tag-little-bit","9":"product_tag-shalonce-royal","11":"first","12":"instock","13":"downloadable","14":"virtual","15":"sold-individually","16":"purchasable","17":"product-type-simple"},"_links":{"self":[{"href":"https:\/\/www.libertyprowrestling.com\/shop\/wp-json\/wp\/v2\/product\/12687","targetHints":{"allow":["GET"]}}],"collection":[{"href":"https:\/\/www.libertyprowrestling.com\/shop\/wp-json\/wp\/v2\/product"}],"about":[{"href":"https:\/\/www.libertyprowrestling.com\/shop\/wp-json\/wp\/v2\/types\/product"}],"replies":[{"embeddable":true,"href":"https:\/\/www.libertyprowrestling.com\/shop\/wp-json\/wp\/v2\/comments?post=12687"}],"wp:featuredmedia":[{"embeddable":true,"href":"https:\/\/www.libertyprowrestling.com\/shop\/wp-json\/wp\/v2\/media\/12515"}],"wp:attachment":[{"href":"https:\/\/www.libertyprowrestling.com\/shop\/wp-json\/wp\/v2\/media?parent=12687"}],"wp:term":[{"taxonomy":"product_brand","embeddable":true,"href":"https:\/\/www.libertyprowrestling.com\/shop\/wp-json\/wp\/v2\/product_brand?post=12687"},{"taxonomy":"product_cat","embeddable":true,"href":"https:\/\/www.libertyprowrestling.com\/shop\/wp-json\/wp\/v2\/product_cat?post=12687"},{"taxonomy":"product_tag","embeddable":true,"href":"https:\/\/www.libertyprowrestling.com\/shop\/wp-json\/wp\/v2\/product_tag?post=12687"}],"curies":[{"name":"wp","href":"https:\/\/api.w.org\/{rel}","templated":true}]}}